{"id":9,"date":"2020-11-02T21:47:48","date_gmt":"2020-11-02T20:47:48","guid":{"rendered":"http:\/\/uuapwpa.cluster030.hosting.ovh.net\/?page_id=9"},"modified":"2024-06-25T17:16:18","modified_gmt":"2024-06-25T15:16:18","slug":"blog","status":"publish","type":"page","link":"https:\/\/www.troc-a-nanas.fr\/index.php\/blog\/","title":{"rendered":"Blog"},"content":{"rendered":"\n<h2 class=\"wp-block-heading\">Jupe sur pantalon<\/h2>\n\n\n\n<p>Si les ann\u00e9es 2000 semblent peu \u00e0 peu s\u2019\u00e9loigner des podiums, un ultime exercice de style demeure pour les nostalgiques de cette d\u00e9cennie mode. La jupe se porte sur le pantalon et joue la carte du ton sur ton.<\/p>\n\n\n\n<h2 class=\"wp-block-heading\">Cravate<\/h2>\n\n\n\n<p>Fid\u00e8le \u00e0 ses lignes rigoureuses, la&nbsp;cravate&nbsp;s&rsquo;affranchit toutefois de son allure un brin trop stricte en rehaussant un ensemble de smoking revisit\u00e9 ou en conf\u00e9rant de nouvelles lignes \u00e0 une chemise port\u00e9e avec une jupe.<\/p>\n\n\n\n<h2 class=\"wp-block-heading\">Shorty<\/h2>\n\n\n\n<p>Poom poom short ou sous-v\u00eatement ? Peu importe tant que les longueurs sont micro et d\u00e9voilent un jeu de jambes allur\u00e9. le short (tr\u00e8s, tr\u00e8s court) s\u00e9duit par sa versatilit\u00e9.<\/p>\n\n\n\n<h2 class=\"wp-block-heading\">N\u00e9o-bouquet<\/h2>\n\n\n\n<p>Bien loin des d\u00e9clinaisons maxi que l\u2019on a pu voir la saison pr\u00e9c\u00e9dente, les fleurs s&rsquo;imaginent tout en d\u00e9licatesse, brod\u00e9es ou appos\u00e9es, toujours en trois dimensions, donnant l\u2019illusion d\u2019un bouquet r\u00e9solument po\u00e9tique.<\/p>\n\n\n\n<h2 class=\"wp-block-heading\">\u00c9paul\u00e9 graphique<\/h2>\n\n\n\n<p>De jour comme de nuit, un jeu d\u2019\u00e9paule graphique souligne le port de t\u00eate et rythme l\u2019allure au diapason des envies hivernales.<\/p>\n\n\n\n<h2 class=\"wp-block-heading\">Tartan<\/h2>\n\n\n\n<p>L&rsquo;incontournable carreau \u00e9cossais s&rsquo;\u00e9loigne de son esth\u00e9tique punk\/grunge originelle et se porte en total look, uniquement, dans une palette chromatique audacieuse de tartan.<\/p>\n\n\n\n<h2 class=\"wp-block-heading\">Dentelle absolue<\/h2>\n\n\n\n<p>De la dentelle, en noir uniquement. Le vestiaire grand soir s&rsquo;encanaille en se jouant de la transparence et en mettant en lumi\u00e8re une dentelle au savoir-faire impeccable&nbsp;<\/p>\n\n\n\n<h2 class=\"wp-block-heading\">En noir et blanc<\/h2>\n\n\n\n<p>Nuances absolues, le noir et le blanc rayonnent \u00e0 deux et illuminent les silhouettes hivernales. Une impulsion monacale qui retranscrit une envie de luxe discret .<\/p>\n\n\n\n<h2 class=\"wp-block-heading\">Paysages<\/h2>\n\n\n\n<p>Des illusions d\u2019optique et des paysages comme peints \u00e0 la main qui nous donnent plus que jamais des envies d\u2019\u00e9vasion pour l\u2019hiver&nbsp;<\/p>\n\n\n\n<h2 class=\"wp-block-heading\">Palette pop<\/h2>\n\n\n\n<p>Parce que l&rsquo;hiver ne rime pas forc\u00e9ment avec une palette chromatique morose ou trop classique,&nbsp;ajouter un shot vitamin\u00e9 et joyeux \u00e0 nos looks pr\u00e9f\u00e9r\u00e9s.<\/p>\n\n\n\n<h2 class=\"wp-block-heading\">Double denim<\/h2>\n\n\n\n<p>Le&nbsp;jean voit double et se porte en total look. Seul mot d\u2019ordre : associer les m\u00eames teintes pour garantir un sans-faute. Bleached, brut, d\u00e9construit ou aux lignes franches\u2026 Le jean est l&rsquo;ultime toquade de la saison.<\/p>\n\n\n\n<h2 class=\"wp-block-heading\">Ann\u00e9es 50<\/h2>\n\n\n\n<p>Robes style pin-up, jupons oversized et taille ajust\u00e9e\u2026 Un vestiaire ann\u00e9es 50 f\u00e9minin, clin d&rsquo;\u0153il \u00e0 la mode d&rsquo;apr\u00e8s-guerre, revu et corrig\u00e9 pour 2023.&nbsp;Maisons fran\u00e7aises comme italiennes c\u00e9l\u00e8brent le chic des fifties.<\/p>\n\n\n\n<h2 class=\"wp-block-heading\">Beige dans toutes ses nuances<\/h2>\n\n\n\n<p>Ultime exercice chromatique,&nbsp;le beige&nbsp;se d\u00e9cline dans toutes ses nuances et hisse le layering au rang d&rsquo;audace mode hivernale.<\/p>\n\n\n\n<h2 class=\"wp-block-heading\">Petite robe noire (with a twist)<\/h2>\n\n\n\n<p>Ce ne sont pas que de simples little black dresses\u2026 Pour l&rsquo;hiver prochain, la petite robe noire confirme son statut mode dans des d\u00e9clinaisons graphique<\/p>\n\n\n\n<h2 class=\"wp-block-heading\">Plumes<\/h2>\n\n\n\n<p>Voluptueuses et a\u00e9riennes, de jour comme de nuit, les plumes ajoutent un suppl\u00e9ment mode&nbsp;<\/p>\n\n\n\n<h2 class=\"wp-block-heading\">Polka dots<\/h2>\n\n\n\n<p>Back to the 50&rsquo;s ! Calqu\u00e9 sur l&rsquo;allure des ann\u00e9es 50 que l&rsquo;on retrouve sur de nombreux podiums cette saison, l&rsquo;imprim\u00e9 pois se plie aux exigences mode de 2023, fa\u00e7on mini, maxi ou en transparence,<\/p>\n\n\n\n<h2 class=\"wp-block-heading\">Power shoulders<\/h2>\n\n\n\n<p>Bien qu&rsquo;intemporelle, l&rsquo;\u00e9paule 80&rsquo;s semble signer un retour en force, plus XXL que jamais. Une allure conqu\u00e9rante .<\/p>\n","protected":false},"excerpt":{"rendered":"<p>Jupe sur pantalon Si les ann\u00e9es 2000 semblent peu \u00e0 peu s\u2019\u00e9loigner des podiums, un ultime exercice de style demeure pour les nostalgiques de cette d\u00e9cennie mode. La jupe se porte sur le pantalon et joue la carte du ton sur ton. Cravate Fid\u00e8le \u00e0 ses lignes rigoureuses, la&nbsp;cravate&nbsp;s&rsquo;affranchit toutefois de son allure un brin&hellip;&nbsp;<a href=\"https:\/\/www.troc-a-nanas.fr\/index.php\/blog\/\" class=\"\" rel=\"bookmark\">Lire la suite &raquo;<span class=\"screen-reader-text\">Blog<\/span><\/a><\/p>\n","protected":false},"author":1,"featured_media":0,"parent":0,"menu_order":0,"comment_status":"closed","ping_status":"closed","template":"","meta":{"neve_meta_sidebar":"","neve_meta_container":"","neve_meta_enable_content_width":"","neve_meta_content_width":0,"neve_meta_title_alignment":"","neve_meta_author_avatar":"","neve_post_elements_order":"","neve_meta_disable_header":"","neve_meta_disable_footer":"","neve_meta_disable_title":"","footnotes":""},"_links":{"self":[{"href":"https:\/\/www.troc-a-nanas.fr\/index.php\/wp-json\/wp\/v2\/pages\/9"}],"collection":[{"href":"https:\/\/www.troc-a-nanas.fr\/index.php\/wp-json\/wp\/v2\/pages"}],"about":[{"href":"https:\/\/www.troc-a-nanas.fr\/index.php\/wp-json\/wp\/v2\/types\/page"}],"author":[{"embeddable":true,"href":"https:\/\/www.troc-a-nanas.fr\/index.php\/wp-json\/wp\/v2\/users\/1"}],"replies":[{"embeddable":true,"href":"https:\/\/www.troc-a-nanas.fr\/index.php\/wp-json\/wp\/v2\/comments?post=9"}],"version-history":[{"count":4,"href":"https:\/\/www.troc-a-nanas.fr\/index.php\/wp-json\/wp\/v2\/pages\/9\/revisions"}],"predecessor-version":[{"id":418,"href":"https:\/\/www.troc-a-nanas.fr\/index.php\/wp-json\/wp\/v2\/pages\/9\/revisions\/418"}],"wp:attachment":[{"href":"https:\/\/www.troc-a-nanas.fr\/index.php\/wp-json\/wp\/v2\/media?parent=9"}],"curies":[{"name":"wp","href":"https:\/\/api.w.org\/{rel}","templated":true}]}}